{"id":7,"date":"2021-06-17T12:44:35","date_gmt":"2021-06-17T12:44:35","guid":{"rendered":"https:\/\/hv-tassilo.at\/?page_id=7"},"modified":"2026-02-01T10:28:27","modified_gmt":"2026-02-01T10:28:27","slug":"kontakt","status":"publish","type":"page","link":"https:\/\/hv-tassilo.at\/?page_id=7","title":{"rendered":"Freie Zimmer"},"content":{"rendered":"\n<pre class=\"wp-block-verse has-text-align-center\"><strong>Momentan sind leider alle Zimmer besetzt, wenn du Interesse hast, schau bitte sp\u00e4ter wieder vorbei.<\/strong><br><br>Einige Zimmer sind m\u00f6bliert, einige unm\u00f6bliert, die Preise bewegen sich je nach Gr\u00f6\u00dfe zwischen 330 EUR und 380 EUR warm, inkl. Wasser, Strom und schnellem Internet. <br>2024 wurden die R\u00e4umlichkeiten komplett renoviert.<\/pre>\n\n\n\n<pre class=\"wp-block-verse has-text-align-center has-small-font-size\">Leider k\u00f6nnen wir wegen unserer Vereinsstatuten nur ordentliche Studenten einer \u00d6sterreichischen Hochschule wie Uni, FH oder P\u00e4dAk aufnehmen. <\/pre>\n\n\n\n<div class=\"wp-block-buttons is-layout-flex wp-block-buttons-is-layout-flex\">\n<div class=\"wp-block-button has-custom-width wp-block-button__width-100 is-style-outline is-style-outline--1\"><a class=\"wp-block-button__link wp-element-button\" href=\"mailto:heimvereintassilo@gmail.com\" style=\"border-radius:33px\" rel=\"\">Jetzt bewerben!<\/a><\/div>\n<\/div>\n","protected":false},"excerpt":{"rendered":"<p>Momentan sind leider alle Zimmer besetzt, wenn du Interesse hast, schau bitte sp\u00e4ter wieder vorbei.Einige Zimmer sind m\u00f6bliert, einige unm\u00f6bliert, die Preise bewegen sich je nach Gr\u00f6\u00dfe zwischen 330 EUR und 380 EUR warm, inkl. Wasser, Strom und schnellem Internet. 2024 wurden die R\u00e4umlichkeiten komplett renoviert. Leider k\u00f6nnen wir wegen unserer Vereinsstatuten nur ordentliche Studenten&hellip; <a class=\"more-link\" href=\"https:\/\/hv-tassilo.at\/?page_id=7\"><span class=\"screen-reader-text\">Freie Zimmer<\/span> weiterlesen<\/a><\/p>\n","protected":false},"author":1,"featured_media":0,"parent":0,"menu_order":0,"comment_status":"closed","ping_status":"closed","template":"","meta":{"ngg_post_thumbnail":0,"footnotes":""},"class_list":["post-7","page","type-page","status-publish","hentry","entry"],"_links":{"self":[{"href":"https:\/\/hv-tassilo.at\/index.php?rest_route=\/wp\/v2\/pages\/7","targetHints":{"allow":["GET"]}}],"collection":[{"href":"https:\/\/hv-tassilo.at\/index.php?rest_route=\/wp\/v2\/pages"}],"about":[{"href":"https:\/\/hv-tassilo.at\/index.php?rest_route=\/wp\/v2\/types\/page"}],"author":[{"embeddable":true,"href":"https:\/\/hv-tassilo.at\/index.php?rest_route=\/wp\/v2\/users\/1"}],"replies":[{"embeddable":true,"href":"https:\/\/hv-tassilo.at\/index.php?rest_route=%2Fwp%2Fv2%2Fcomments&post=7"}],"version-history":[{"count":20,"href":"https:\/\/hv-tassilo.at\/index.php?rest_route=\/wp\/v2\/pages\/7\/revisions"}],"predecessor-version":[{"id":211,"href":"https:\/\/hv-tassilo.at\/index.php?rest_route=\/wp\/v2\/pages\/7\/revisions\/211"}],"wp:attachment":[{"href":"https:\/\/hv-tassilo.at\/index.php?rest_route=%2Fwp%2Fv2%2Fmedia&parent=7"}],"curies":[{"name":"wp","href":"https:\/\/api.w.org\/{rel}","templated":true}]}}