{"id":5,"date":"2021-06-17T12:44:35","date_gmt":"2021-06-17T12:44:35","guid":{"rendered":"https:\/\/hv-tassilo.at\/?page_id=5"},"modified":"2025-10-06T16:08:31","modified_gmt":"2025-10-06T16:08:31","slug":"create-your-website-with-blocks","status":"publish","type":"page","link":"https:\/\/hv-tassilo.at\/","title":{"rendered":"Heimverein Tassilo"},"content":{"rendered":"\n<h2 class=\"wp-block-heading\">Herzlich Willkommen!<\/h2>\n\n\n\n<pre class=\"wp-block-verse\">Auf der Website des Studenten-Heimvereins Tassilo<\/pre>\n\n\n\n<pre class=\"wp-block-verse\">Unser Ziel ist es, leistbaren Wohnraum im Linzer Zentrum f\u00fcr Linzer Studenten anzubieten. Wir vermieten WG-Zimmer in unserem Haus im sch\u00f6nen West-Alturfahr nahe dem Steinmetzplatz. Unsere zentrale Lage erlaubt es den Studenten,  in kurzer Zeit alle Linzer Unis zu erreichen. Au\u00dferdem bieten wir eine gem\u00fctliche Wohnatmosph\u00e4re, Platz zum gemeinsamen Lernen und eine gro\u00dfe Terrasse f\u00fcr gemeinsame, chillige Sommerabende.<\/pre>\n\n\n\n<div class=\"wp-block-columns is-layout-flex wp-container-core-columns-is-layout-9d6595d7 wp-block-columns-is-layout-flex\"><\/div>\n\n\n\n<div class=\"wp-block-group\"><div class=\"wp-block-group__inner-container is-layout-flow wp-block-group-is-layout-flow\">\n<figure class=\"wp-block-gallery has-nested-images columns-default is-cropped wp-block-gallery-1 is-layout-flex wp-block-gallery-is-layout-flex\">\n<figure class=\"wp-block-image size-large\"><img loading=\"lazy\" decoding=\"async\" width=\"1024\" height=\"768\" data-id=\"189\" src=\"https:\/\/hv-tassilo.at\/wp-content\/uploads\/2025\/10\/1stock-eingangsbereich-1-1024x768.jpg\" alt=\"\" class=\"wp-image-189\" srcset=\"https:\/\/hv-tassilo.at\/wp-content\/uploads\/2025\/10\/1stock-eingangsbereich-1-1024x768.jpg 1024w, https:\/\/hv-tassilo.at\/wp-content\/uploads\/2025\/10\/1stock-eingangsbereich-1-300x225.jpg 300w, https:\/\/hv-tassilo.at\/wp-content\/uploads\/2025\/10\/1stock-eingangsbereich-1-768x576.jpg 768w, https:\/\/hv-tassilo.at\/wp-content\/uploads\/2025\/10\/1stock-eingangsbereich-1-100x75.jpg 100w, https:\/\/hv-tassilo.at\/wp-content\/uploads\/2025\/10\/1stock-eingangsbereich-1-1536x1152.jpg 1536w, https:\/\/hv-tassilo.at\/wp-content\/uploads\/2025\/10\/1stock-eingangsbereich-1-1568x1176.jpg 1568w, https:\/\/hv-tassilo.at\/wp-content\/uploads\/2025\/10\/1stock-eingangsbereich-1.jpg 2048w\" sizes=\"auto, (max-width: 1024px) 100vw, 1024px\" \/><\/figure>\n\n\n\n<figure class=\"wp-block-image size-large\"><img loading=\"lazy\" decoding=\"async\" width=\"1024\" height=\"768\" data-id=\"186\" src=\"https:\/\/hv-tassilo.at\/wp-content\/uploads\/2025\/10\/1stock-bad-1-1024x768.jpg\" alt=\"\" class=\"wp-image-186\" srcset=\"https:\/\/hv-tassilo.at\/wp-content\/uploads\/2025\/10\/1stock-bad-1-1024x768.jpg 1024w, https:\/\/hv-tassilo.at\/wp-content\/uploads\/2025\/10\/1stock-bad-1-300x225.jpg 300w, https:\/\/hv-tassilo.at\/wp-content\/uploads\/2025\/10\/1stock-bad-1-768x576.jpg 768w, https:\/\/hv-tassilo.at\/wp-content\/uploads\/2025\/10\/1stock-bad-1-100x75.jpg 100w, https:\/\/hv-tassilo.at\/wp-content\/uploads\/2025\/10\/1stock-bad-1-1536x1152.jpg 1536w, https:\/\/hv-tassilo.at\/wp-content\/uploads\/2025\/10\/1stock-bad-1-1568x1176.jpg 1568w, https:\/\/hv-tassilo.at\/wp-content\/uploads\/2025\/10\/1stock-bad-1.jpg 2048w\" sizes=\"auto, (max-width: 1024px) 100vw, 1024px\" \/><\/figure>\n\n\n\n<figure class=\"wp-block-image size-large\"><img loading=\"lazy\" decoding=\"async\" width=\"1024\" height=\"768\" data-id=\"188\" src=\"https:\/\/hv-tassilo.at\/wp-content\/uploads\/2025\/10\/1stock-kleines-zimmer-1-1024x768.jpg\" alt=\"\" class=\"wp-image-188\" srcset=\"https:\/\/hv-tassilo.at\/wp-content\/uploads\/2025\/10\/1stock-kleines-zimmer-1-1024x768.jpg 1024w, https:\/\/hv-tassilo.at\/wp-content\/uploads\/2025\/10\/1stock-kleines-zimmer-1-300x225.jpg 300w, https:\/\/hv-tassilo.at\/wp-content\/uploads\/2025\/10\/1stock-kleines-zimmer-1-768x576.jpg 768w, https:\/\/hv-tassilo.at\/wp-content\/uploads\/2025\/10\/1stock-kleines-zimmer-1-100x75.jpg 100w, https:\/\/hv-tassilo.at\/wp-content\/uploads\/2025\/10\/1stock-kleines-zimmer-1-1536x1152.jpg 1536w, https:\/\/hv-tassilo.at\/wp-content\/uploads\/2025\/10\/1stock-kleines-zimmer-1-1568x1176.jpg 1568w, https:\/\/hv-tassilo.at\/wp-content\/uploads\/2025\/10\/1stock-kleines-zimmer-1.jpg 2048w\" sizes=\"auto, (max-width: 1024px) 100vw, 1024px\" \/><\/figure>\n\n\n\n<figure class=\"wp-block-image size-large\"><img loading=\"lazy\" decoding=\"async\" width=\"1024\" height=\"768\" data-id=\"184\" src=\"https:\/\/hv-tassilo.at\/wp-content\/uploads\/2025\/10\/1stock-kueche-1-1024x768.jpg\" alt=\"\" class=\"wp-image-184\" srcset=\"https:\/\/hv-tassilo.at\/wp-content\/uploads\/2025\/10\/1stock-kueche-1-1024x768.jpg 1024w, https:\/\/hv-tassilo.at\/wp-content\/uploads\/2025\/10\/1stock-kueche-1-300x225.jpg 300w, https:\/\/hv-tassilo.at\/wp-content\/uploads\/2025\/10\/1stock-kueche-1-768x576.jpg 768w, https:\/\/hv-tassilo.at\/wp-content\/uploads\/2025\/10\/1stock-kueche-1-100x75.jpg 100w, https:\/\/hv-tassilo.at\/wp-content\/uploads\/2025\/10\/1stock-kueche-1.jpg 1200w\" sizes=\"auto, (max-width: 1024px) 100vw, 1024px\" \/><\/figure>\n\n\n\n<figure class=\"wp-block-image size-large\"><img loading=\"lazy\" decoding=\"async\" width=\"1024\" height=\"576\" data-id=\"185\" src=\"https:\/\/hv-tassilo.at\/wp-content\/uploads\/2025\/10\/1stock-terasse-1-1024x576.jpg\" alt=\"\" class=\"wp-image-185\" srcset=\"https:\/\/hv-tassilo.at\/wp-content\/uploads\/2025\/10\/1stock-terasse-1-1024x576.jpg 1024w, https:\/\/hv-tassilo.at\/wp-content\/uploads\/2025\/10\/1stock-terasse-1-300x169.jpg 300w, https:\/\/hv-tassilo.at\/wp-content\/uploads\/2025\/10\/1stock-terasse-1-768x432.jpg 768w, https:\/\/hv-tassilo.at\/wp-content\/uploads\/2025\/10\/1stock-terasse-1-100x56.jpg 100w, https:\/\/hv-tassilo.at\/wp-content\/uploads\/2025\/10\/1stock-terasse-1.jpg 1200w\" sizes=\"auto, (max-width: 1024px) 100vw, 1024px\" \/><\/figure>\n\n\n\n<figure class=\"wp-block-image size-large\"><img loading=\"lazy\" decoding=\"async\" width=\"1024\" height=\"768\" data-id=\"187\" src=\"https:\/\/hv-tassilo.at\/wp-content\/uploads\/2025\/10\/1stock-wohnzimmer-1-1024x768.jpg\" alt=\"\" class=\"wp-image-187\" srcset=\"https:\/\/hv-tassilo.at\/wp-content\/uploads\/2025\/10\/1stock-wohnzimmer-1-1024x768.jpg 1024w, https:\/\/hv-tassilo.at\/wp-content\/uploads\/2025\/10\/1stock-wohnzimmer-1-300x225.jpg 300w, https:\/\/hv-tassilo.at\/wp-content\/uploads\/2025\/10\/1stock-wohnzimmer-1-768x576.jpg 768w, https:\/\/hv-tassilo.at\/wp-content\/uploads\/2025\/10\/1stock-wohnzimmer-1-100x75.jpg 100w, https:\/\/hv-tassilo.at\/wp-content\/uploads\/2025\/10\/1stock-wohnzimmer-1-1536x1152.jpg 1536w, https:\/\/hv-tassilo.at\/wp-content\/uploads\/2025\/10\/1stock-wohnzimmer-1-1568x1176.jpg 1568w, https:\/\/hv-tassilo.at\/wp-content\/uploads\/2025\/10\/1stock-wohnzimmer-1.jpg 2048w\" sizes=\"auto, (max-width: 1024px) 100vw, 1024px\" \/><\/figure>\n\n\n\n<figure class=\"wp-block-image size-large\"><img loading=\"lazy\" decoding=\"async\" width=\"768\" height=\"1024\" data-id=\"190\" src=\"https:\/\/hv-tassilo.at\/wp-content\/uploads\/2025\/10\/hv-seitenansicht-1-768x1024.jpg\" alt=\"\" class=\"wp-image-190\" srcset=\"https:\/\/hv-tassilo.at\/wp-content\/uploads\/2025\/10\/hv-seitenansicht-1-768x1024.jpg 768w, https:\/\/hv-tassilo.at\/wp-content\/uploads\/2025\/10\/hv-seitenansicht-1-225x300.jpg 225w, https:\/\/hv-tassilo.at\/wp-content\/uploads\/2025\/10\/hv-seitenansicht-1-100x133.jpg 100w, https:\/\/hv-tassilo.at\/wp-content\/uploads\/2025\/10\/hv-seitenansicht-1-1152x1536.jpg 1152w, https:\/\/hv-tassilo.at\/wp-content\/uploads\/2025\/10\/hv-seitenansicht-1.jpg 1536w\" sizes=\"auto, (max-width: 768px) 100vw, 768px\" \/><\/figure>\n<\/figure>\n<\/div><\/div>\n","protected":false},"excerpt":{"rendered":"<p>Herzlich Willkommen! Auf der Website des Studenten-Heimvereins Tassilo Unser Ziel ist es, leistbaren Wohnraum im Linzer Zentrum f\u00fcr Linzer Studenten anzubieten. Wir vermieten WG-Zimmer in unserem Haus im sch\u00f6nen West-Alturfahr nahe dem Steinmetzplatz. Unsere zentrale Lage erlaubt es den Studenten, in kurzer Zeit alle Linzer Unis zu erreichen. Au\u00dferdem bieten wir eine gem\u00fctliche Wohnatmosph\u00e4re, Platz&hellip; <a class=\"more-link\" href=\"https:\/\/hv-tassilo.at\/\"><span class=\"screen-reader-text\">Heimverein Tassilo<\/span> weiterlesen<\/a><\/p>\n","protected":false},"author":1,"featured_media":0,"parent":0,"menu_order":0,"comment_status":"closed","ping_status":"closed","template":"","meta":{"ngg_post_thumbnail":0,"footnotes":""},"class_list":["post-5","page","type-page","status-publish","hentry","entry"],"_links":{"self":[{"href":"https:\/\/hv-tassilo.at\/index.php?rest_route=\/wp\/v2\/pages\/5","targetHints":{"allow":["GET"]}}],"collection":[{"href":"https:\/\/hv-tassilo.at\/index.php?rest_route=\/wp\/v2\/pages"}],"about":[{"href":"https:\/\/hv-tassilo.at\/index.php?rest_route=\/wp\/v2\/types\/page"}],"author":[{"embeddable":true,"href":"https:\/\/hv-tassilo.at\/index.php?rest_route=\/wp\/v2\/users\/1"}],"replies":[{"embeddable":true,"href":"https:\/\/hv-tassilo.at\/index.php?rest_route=%2Fwp%2Fv2%2Fcomments&post=5"}],"version-history":[{"count":26,"href":"https:\/\/hv-tassilo.at\/index.php?rest_route=\/wp\/v2\/pages\/5\/revisions"}],"predecessor-version":[{"id":194,"href":"https:\/\/hv-tassilo.at\/index.php?rest_route=\/wp\/v2\/pages\/5\/revisions\/194"}],"wp:attachment":[{"href":"https:\/\/hv-tassilo.at\/index.php?rest_route=%2Fwp%2Fv2%2Fmedia&parent=5"}],"curies":[{"name":"wp","href":"https:\/\/api.w.org\/{rel}","templated":true}]}}