{"id":3,"date":"2021-06-17T12:32:57","date_gmt":"2021-06-17T12:32:57","guid":{"rendered":"https:\/\/hv-tassilo.at\/?page_id=3"},"modified":"2022-08-28T10:43:36","modified_gmt":"2022-08-28T10:43:36","slug":"privacy-policy","status":"publish","type":"page","link":"https:\/\/hv-tassilo.at\/?page_id=3","title":{"rendered":"Privacy Policy"},"content":{"rendered":"\n<p><\/p>\n\n\n\n<p>Der Schutz von personenbezogenen Daten ist uns wichtig und auch gesetzlich gefordert. Die nachstehende \u00dcbersicht soll Sie \u00fcber die wichtigsten Aspekte der Verarbeitung personenbezogener Daten informieren.<\/p>\n\n\n\n<p><strong>Cookies<\/strong><\/p>\n\n\n\n<p>Cookies sind kleine Dateien, die es dieser Webseite erm\u00f6glichen auf dem Computer des Besuchers spezifische, auf den Nutzer bezogene Informationen zu speichern, w\u00e4hrend unsere Website besucht wird. Cookies helfen uns dabei, die Nutzungsh\u00e4ufigkeit und die Anzahl der Nutzer unserer Internetseiten zu ermitteln, sowie unsere Angebote f\u00fcr Sie komfortabel und effizient zu gestalten. Wir verwenden nur Session-Cookies, die ausschlie\u00dflich f\u00fcr die Dauer Ihrer Nutzung unserer Website zwischengespeichert werden. Eine Einzelprofilbildung \u00fcber Ihr Nutzungsverhalten findet nicht statt. Eine Nutzung unserer Angebote ist auch ohne Cookies m\u00f6glich. Sie k\u00f6nnen in Ihrem Browser das Speichern von Cookies deaktivieren, auf bestimmte Webseiten beschr\u00e4nken oder Ihren Webbrowser (Chrome, IE, Firefox,\u2026) so einstellen, dass er sie benachrichtigt, sobald ein Cookie gesendet wird. Sie k\u00f6nnen Cookies auch jederzeit von der Festplatte ihres Computers l\u00f6schen. Bitte beachten Sie aber, dass Sie in diesem Fall mit einer eingeschr\u00e4nkten Darstellung der Seite und mit einer eingeschr\u00e4nkten Benutzerf\u00fchrung rechnen m\u00fcssen.<\/p>\n\n\n\n<p><strong>Google Maps<\/strong><\/p>\n\n\n\n<p>Diese Webseite verwendet Google Maps f\u00fcr die Darstellung von Karteninformationen. Bei der Nutzung von Google Maps werden von Google auch Daten \u00fcber die Nutzung der Maps-Funktionen durch Besucher der Webseiten verarbeitet und genutzt. Weitere Informationen \u00fcber die Datenverarbeitung durch Google k\u00f6nnen Sie den Hinweisen zum Datenschutz von Google auf\u00a0<a rel=\"noreferrer noopener\" href=\"https:\/\/www.google.at\/intl\/de\/policies\/privacy\/\" target=\"_blank\">www.google.at\/intl\/de\/policies\/privacy\/<\/a>\u00a0entnehmen. Dort k\u00f6nnen Sie im Datenschutz-Center auch Ihre Einstellungen ver\u00e4ndern, sodass Sie Ihre Daten verwalten und sch\u00fctzen k\u00f6nnen.<\/p>\n\n\n\n<p><strong>Google Fonts<\/strong><\/p>\n\n\n\n<p>Auf unserer Webseite verwenden wir Google Fonts. Das sind die \u201eGoogle-Schriften\u201c der Firma Google Inc. (1600 Amphitheatre Parkway Mountain View, CA 94043, USA).<br>F\u00fcr die Verwendung von Google-Schriftarten m\u00fcssen Sie sich nicht anmelden bzw. ein Passwort hinterlegen. Die Dateien (CSS, Schriftarten\/Fonts) werden \u00fcber die Google-Domains fonts.googleapis.com und fonts.gstatic.com angefordert. Laut Google sind die Anfragen nach CSS und Schriften vollkommen getrennt von allen anderen Google-Diensten. Wenn Sie ein Google-Konto haben, brauchen Sie keine Sorge haben, dass Ihre Google-Kontodaten, w\u00e4hrend der Verwendung von Google Fonts, an Google \u00fcbermittelt werden. Google erfasst die Nutzung von CSS (Cascading Style Sheets) und der verwendeten Schriftarten und speichert diese Daten sicher. Wie die Datenspeicherung genau aussieht, werden wir uns noch im Detail ansehen.<\/p>\n\n\n\n<p><strong>ReCaptcha<\/strong><\/p>\n\n\n\n<p>Wir binden die Funktion \u201cReCaptcha\u201d zur Erkennung von Bots, z.B. bei Eingaben in Onlineformularen, ein. Die Verhaltensangaben der Nutzer (z.B. Mausbewegungen oder Abfragen) werden ausgewertet, um Menschen von Bots unterscheiden zu k\u00f6nnen. Dienstanbieter: Google Ireland Limited, Gordon House, Barrow Street, Dublin 4, Irland, Mutterunternehmen: Google LLC, 1600 Amphitheatre Parkway, Mountain View, CA 94043,&nbsp;USA; Website:&nbsp;<a href=\"https:\/\/www.google.com\/recaptcha\/\">https:\/\/www.google.com\/recaptcha\/<\/a>;<\/p>\n\n\n\n<p>Font Awsome<\/p>\n\n\n\n<p>Auf unserer Website nutzen wir zur einheitlichen Darstellung von Schriftarten bzw. Icons so genannte Web Fonts bzw. Icons, die von Fonticons, Inc. bereitgestellt werden. Beim Aufruf dieser Website l\u00e4dt Ihr Browser die ben\u00f6tigten Web Fonts bzw. Icons in Ihren Browsercache, um Texte, Schriftarten und Icons korrekt anzuzeigen.<\/p>\n\n\n\n<p>Zu diesem Zweck muss der von Ihnen verwendete Browser eine Verbindung zu den Servern von Fonticons, Inc. aufnehmen. Hierdurch erlangt Fonticons, Inc. Kenntnis dar\u00fcber, dass \u00fcber Ihre IP-Adresse diese Website aufgerufen wurde. Die Nutzung von Font Awesome erfolgt im Interesse einer einheitlichen und ansprechenden Darstellung unseres Website-Auftritts, welches ein berechtigtes Interesse im Sinne von Art. 6 Abs. 1 lit. f DSGVO darstellt.<\/p>\n\n\n\n<p>Weitere Informationen zu Font Awesome finden Sie unter&nbsp;<a href=\"https:\/\/fontawesome.com\/help\" target=\"_blank\" rel=\"noreferrer noopener\">https:\/\/fontawesome.com\/help<\/a>&nbsp;und in der Datenschutzerkl\u00e4rung von Fonticons, Inc.:&nbsp;<a href=\"https:\/\/fontawesome.com\/privacy\" target=\"_blank\" rel=\"noreferrer noopener\">https:\/\/fontawesome.com\/privacy<\/a>.<\/p>\n\n\n\n<p><a href=\"https:\/\/cdn.fontawesome.com\/privacy\">Font Awesome CDN<\/a><\/p>\n\n\n\n<p><strong>Ihre Rechte<\/strong><\/p>\n\n\n\n<p>Ihre Rechte Ihnen stehen bez\u00fcglich Ihrer bei uns gespeicherten Daten grunds\u00e4tzlich die Rechte auf Auskunft, Berichtigung, L\u00f6schung, Einschr\u00e4nkung, Daten\u00fcbertragbarkeit, Widerruf und Widerspruch zu. Wenn Sie glauben, dass die Verarbeitung Ihrer Daten gegen das Datenschutzrecht verst\u00f6\u00dft oder Ihre datenschutzrechtlichen Anspr\u00fcche sonst in einer Weise verletzt worden sind, k\u00f6nnen Sie sich bei uns <a href=\"mailto:info@av-tassilo.org\">info@av-tassilo.org<\/a>\u00a0.<\/p>\n","protected":false},"excerpt":{"rendered":"<p>Der Schutz von personenbezogenen Daten ist uns wichtig und auch gesetzlich gefordert. Die nachstehende \u00dcbersicht soll Sie \u00fcber die wichtigsten Aspekte der Verarbeitung personenbezogener Daten informieren. Cookies Cookies sind kleine Dateien, die es dieser Webseite erm\u00f6glichen auf dem Computer des Besuchers spezifische, auf den Nutzer bezogene Informationen zu speichern, w\u00e4hrend unsere Website besucht wird. Cookies&hellip; <a class=\"more-link\" href=\"https:\/\/hv-tassilo.at\/?page_id=3\"><span class=\"screen-reader-text\">Privacy Policy<\/span> weiterlesen<\/a><\/p>\n","protected":false},"author":1,"featured_media":0,"parent":0,"menu_order":0,"comment_status":"closed","ping_status":"open","template":"","meta":{"ngg_post_thumbnail":0,"footnotes":""},"class_list":["post-3","page","type-page","status-publish","hentry","entry"],"_links":{"self":[{"href":"https:\/\/hv-tassilo.at\/index.php?rest_route=\/wp\/v2\/pages\/3","targetHints":{"allow":["GET"]}}],"collection":[{"href":"https:\/\/hv-tassilo.at\/index.php?rest_route=\/wp\/v2\/pages"}],"about":[{"href":"https:\/\/hv-tassilo.at\/index.php?rest_route=\/wp\/v2\/types\/page"}],"author":[{"embeddable":true,"href":"https:\/\/hv-tassilo.at\/index.php?rest_route=\/wp\/v2\/users\/1"}],"replies":[{"embeddable":true,"href":"https:\/\/hv-tassilo.at\/index.php?rest_route=%2Fwp%2Fv2%2Fcomments&post=3"}],"version-history":[{"count":1,"href":"https:\/\/hv-tassilo.at\/index.php?rest_route=\/wp\/v2\/pages\/3\/revisions"}],"predecessor-version":[{"id":143,"href":"https:\/\/hv-tassilo.at\/index.php?rest_route=\/wp\/v2\/pages\/3\/revisions\/143"}],"wp:attachment":[{"href":"https:\/\/hv-tassilo.at\/index.php?rest_route=%2Fwp%2Fv2%2Fmedia&parent=3"}],"curies":[{"name":"wp","href":"https:\/\/api.w.org\/{rel}","templated":true}]}}